{"id":63,"date":"2024-11-19T13:41:12","date_gmt":"2024-11-19T13:41:12","guid":{"rendered":"https:\/\/hochuli-coaching.ch\/?page_id=63"},"modified":"2025-12-19T09:57:07","modified_gmt":"2025-12-19T08:57:07","slug":"home","status":"publish","type":"page","link":"https:\/\/mw.hochuli-coaching.ch\/","title":{"rendered":"Home"},"content":{"rendered":"\n<p><\/p>\n","protected":false},"excerpt":{"rendered":"","protected":false},"author":1,"featured_media":498,"parent":0,"menu_order":0,"comment_status":"closed","ping_status":"closed","template":"","meta":{"footnotes":""},"class_list":["post-63","page","type-page","status-publish","has-post-thumbnail","hentry"],"yoast_head":"<!-- This site is optimized with the Yoast SEO plugin v26.9 - https:\/\/yoast.com\/product\/yoast-seo-wordpress\/ -->\n<title>M\u00e4nner Coaching Schweiz | Pers\u00f6nlichkeitsentwicklung &amp; Mentoring<\/title>\n<meta name=\"description\" content=\"Ganzheitliches M\u00e4nner Coaching in der Schweiz. Unterst\u00fctzung bei Lebenskrisen, Selbstvertrauen, Stressbew\u00e4ltigung und pers\u00f6nlicher Entwicklung.\" \/>\n<meta name=\"robots\" content=\"noindex, follow, max-snippet:-1, max-image-preview:large, max-video-preview:-1\" \/>\n<meta property=\"og:locale\" content=\"de_DE\" \/>\n<meta property=\"og:type\" content=\"article\" \/>\n<meta property=\"og:title\" content=\"M\u00e4nner Coaching Schweiz | Pers\u00f6nlichkeitsentwicklung &amp; Mentoring\" \/>\n<meta property=\"og:description\" content=\"Ganzheitliches M\u00e4nner Coaching in der Schweiz. Unterst\u00fctzung bei Lebenskrisen, Selbstvertrauen, Stressbew\u00e4ltigung und pers\u00f6nlicher Entwicklung.\" \/>\n<meta property=\"og:url\" content=\"https:\/\/mw.hochuli-coaching.ch\/\" \/>\n<meta property=\"og:site_name\" content=\"Hannes Hochuli Coaching\" \/>\n<meta property=\"article:modified_time\" content=\"2025-12-19T08:57:07+00:00\" \/>\n<meta property=\"og:image\" content=\"https:\/\/mw.hochuli-coaching.ch\/wp-content\/uploads\/2025\/08\/K3A10564_XS.jpg\" \/>\n\t<meta property=\"og:image:width\" content=\"1600\" \/>\n\t<meta property=\"og:image:height\" content=\"1067\" \/>\n\t<meta property=\"og:image:type\" content=\"image\/jpeg\" \/>\n<meta name=\"twitter:card\" content=\"summary_large_image\" \/>\n<meta name=\"twitter:label1\" content=\"Gesch\u00e4tzte Lesezeit\" \/>\n\t<meta name=\"twitter:data1\" content=\"18\u00a0Minuten\" \/>\n<script type=\"application\/ld+json\" class=\"yoast-schema-graph\">{\"@context\":\"https:\/\/schema.org\",\"@graph\":[{\"@type\":\"WebPage\",\"@id\":\"https:\/\/mw.hochuli-coaching.ch\/\",\"url\":\"https:\/\/mw.hochuli-coaching.ch\/\",\"name\":\"M\u00e4nner Coaching Schweiz | Pers\u00f6nlichkeitsentwicklung & Mentoring\",\"isPartOf\":{\"@id\":\"https:\/\/mw.hochuli-coaching.ch\/#website\"},\"primaryImageOfPage\":{\"@id\":\"https:\/\/mw.hochuli-coaching.ch\/#primaryimage\"},\"image\":{\"@id\":\"https:\/\/mw.hochuli-coaching.ch\/#primaryimage\"},\"thumbnailUrl\":\"https:\/\/mw.hochuli-coaching.ch\/wp-content\/uploads\/2025\/08\/K3A10564_XS.jpg\",\"datePublished\":\"2024-11-19T13:41:12+00:00\",\"dateModified\":\"2025-12-19T08:57:07+00:00\",\"description\":\"Ganzheitliches M\u00e4nner Coaching in der Schweiz. Unterst\u00fctzung bei Lebenskrisen, Selbstvertrauen, Stressbew\u00e4ltigung und pers\u00f6nlicher Entwicklung.\",\"breadcrumb\":{\"@id\":\"https:\/\/mw.hochuli-coaching.ch\/#breadcrumb\"},\"inLanguage\":\"de-CH\",\"potentialAction\":[{\"@type\":\"ReadAction\",\"target\":[\"https:\/\/mw.hochuli-coaching.ch\/\"]}]},{\"@type\":\"ImageObject\",\"inLanguage\":\"de-CH\",\"@id\":\"https:\/\/mw.hochuli-coaching.ch\/#primaryimage\",\"url\":\"https:\/\/mw.hochuli-coaching.ch\/wp-content\/uploads\/2025\/08\/K3A10564_XS.jpg\",\"contentUrl\":\"https:\/\/mw.hochuli-coaching.ch\/wp-content\/uploads\/2025\/08\/K3A10564_XS.jpg\",\"width\":1600,\"height\":1067,\"caption\":\"Hannes Hochuli, Coaching & Beratungen und M\u00e4nner-Coach\"},{\"@type\":\"BreadcrumbList\",\"@id\":\"https:\/\/mw.hochuli-coaching.ch\/#breadcrumb\",\"itemListElement\":[{\"@type\":\"ListItem\",\"position\":1,\"name\":\"Startseite\",\"item\":\"https:\/\/mw.hochuli-coaching.ch\/\"},{\"@type\":\"ListItem\",\"position\":2,\"name\":\"Home\"}]},{\"@type\":\"WebSite\",\"@id\":\"https:\/\/mw.hochuli-coaching.ch\/#website\",\"url\":\"https:\/\/mw.hochuli-coaching.ch\/\",\"name\":\"Hannes Hochuli Coaching\",\"description\":\"Coaching &amp; Beratungen\",\"potentialAction\":[{\"@type\":\"SearchAction\",\"target\":{\"@type\":\"EntryPoint\",\"urlTemplate\":\"https:\/\/mw.hochuli-coaching.ch\/?s={search_term_string}\"},\"query-input\":{\"@type\":\"PropertyValueSpecification\",\"valueRequired\":true,\"valueName\":\"search_term_string\"}}],\"inLanguage\":\"de-CH\"}]}<\/script>\n<!-- \/ Yoast SEO plugin. -->","yoast_head_json":{"title":"M\u00e4nner Coaching Schweiz | Pers\u00f6nlichkeitsentwicklung & Mentoring","description":"Ganzheitliches M\u00e4nner Coaching in der Schweiz. Unterst\u00fctzung bei Lebenskrisen, Selbstvertrauen, Stressbew\u00e4ltigung und pers\u00f6nlicher Entwicklung.","robots":{"index":"noindex","follow":"follow","max-snippet":"max-snippet:-1","max-image-preview":"max-image-preview:large","max-video-preview":"max-video-preview:-1"},"og_locale":"de_DE","og_type":"article","og_title":"M\u00e4nner Coaching Schweiz | Pers\u00f6nlichkeitsentwicklung & Mentoring","og_description":"Ganzheitliches M\u00e4nner Coaching in der Schweiz. Unterst\u00fctzung bei Lebenskrisen, Selbstvertrauen, Stressbew\u00e4ltigung und pers\u00f6nlicher Entwicklung.","og_url":"https:\/\/mw.hochuli-coaching.ch\/","og_site_name":"Hannes Hochuli Coaching","article_modified_time":"2025-12-19T08:57:07+00:00","og_image":[{"width":1600,"height":1067,"url":"https:\/\/mw.hochuli-coaching.ch\/wp-content\/uploads\/2025\/08\/K3A10564_XS.jpg","type":"image\/jpeg"}],"twitter_card":"summary_large_image","twitter_misc":{"Gesch\u00e4tzte Lesezeit":"18\u00a0Minuten"},"schema":{"@context":"https:\/\/schema.org","@graph":[{"@type":"WebPage","@id":"https:\/\/mw.hochuli-coaching.ch\/","url":"https:\/\/mw.hochuli-coaching.ch\/","name":"M\u00e4nner Coaching Schweiz | Pers\u00f6nlichkeitsentwicklung & Mentoring","isPartOf":{"@id":"https:\/\/mw.hochuli-coaching.ch\/#website"},"primaryImageOfPage":{"@id":"https:\/\/mw.hochuli-coaching.ch\/#primaryimage"},"image":{"@id":"https:\/\/mw.hochuli-coaching.ch\/#primaryimage"},"thumbnailUrl":"https:\/\/mw.hochuli-coaching.ch\/wp-content\/uploads\/2025\/08\/K3A10564_XS.jpg","datePublished":"2024-11-19T13:41:12+00:00","dateModified":"2025-12-19T08:57:07+00:00","description":"Ganzheitliches M\u00e4nner Coaching in der Schweiz. Unterst\u00fctzung bei Lebenskrisen, Selbstvertrauen, Stressbew\u00e4ltigung und pers\u00f6nlicher Entwicklung.","breadcrumb":{"@id":"https:\/\/mw.hochuli-coaching.ch\/#breadcrumb"},"inLanguage":"de-CH","potentialAction":[{"@type":"ReadAction","target":["https:\/\/mw.hochuli-coaching.ch\/"]}]},{"@type":"ImageObject","inLanguage":"de-CH","@id":"https:\/\/mw.hochuli-coaching.ch\/#primaryimage","url":"https:\/\/mw.hochuli-coaching.ch\/wp-content\/uploads\/2025\/08\/K3A10564_XS.jpg","contentUrl":"https:\/\/mw.hochuli-coaching.ch\/wp-content\/uploads\/2025\/08\/K3A10564_XS.jpg","width":1600,"height":1067,"caption":"Hannes Hochuli, Coaching & Beratungen und M\u00e4nner-Coach"},{"@type":"BreadcrumbList","@id":"https:\/\/mw.hochuli-coaching.ch\/#breadcrumb","itemListElement":[{"@type":"ListItem","position":1,"name":"Startseite","item":"https:\/\/mw.hochuli-coaching.ch\/"},{"@type":"ListItem","position":2,"name":"Home"}]},{"@type":"WebSite","@id":"https:\/\/mw.hochuli-coaching.ch\/#website","url":"https:\/\/mw.hochuli-coaching.ch\/","name":"Hannes Hochuli Coaching","description":"Coaching &amp; Beratungen","potentialAction":[{"@type":"SearchAction","target":{"@type":"EntryPoint","urlTemplate":"https:\/\/mw.hochuli-coaching.ch\/?s={search_term_string}"},"query-input":{"@type":"PropertyValueSpecification","valueRequired":true,"valueName":"search_term_string"}}],"inLanguage":"de-CH"}]}},"_links":{"self":[{"href":"https:\/\/mw.hochuli-coaching.ch\/index.php?rest_route=\/wp\/v2\/pages\/63","targetHints":{"allow":["GET"]}}],"collection":[{"href":"https:\/\/mw.hochuli-coaching.ch\/index.php?rest_route=\/wp\/v2\/pages"}],"about":[{"href":"https:\/\/mw.hochuli-coaching.ch\/index.php?rest_route=\/wp\/v2\/types\/page"}],"author":[{"embeddable":true,"href":"https:\/\/mw.hochuli-coaching.ch\/index.php?rest_route=\/wp\/v2\/users\/1"}],"replies":[{"embeddable":true,"href":"https:\/\/mw.hochuli-coaching.ch\/index.php?rest_route=%2Fwp%2Fv2%2Fcomments&post=63"}],"version-history":[{"count":3,"href":"https:\/\/mw.hochuli-coaching.ch\/index.php?rest_route=\/wp\/v2\/pages\/63\/revisions"}],"predecessor-version":[{"id":550,"href":"https:\/\/mw.hochuli-coaching.ch\/index.php?rest_route=\/wp\/v2\/pages\/63\/revisions\/550"}],"wp:featuredmedia":[{"embeddable":true,"href":"https:\/\/mw.hochuli-coaching.ch\/index.php?rest_route=\/wp\/v2\/media\/498"}],"wp:attachment":[{"href":"https:\/\/mw.hochuli-coaching.ch\/index.php?rest_route=%2Fwp%2Fv2%2Fmedia&parent=63"}],"curies":[{"name":"wp","href":"https:\/\/api.w.org\/{rel}","templated":true}]}}