{"id":50,"date":"2024-11-19T08:56:25","date_gmt":"2024-11-19T08:56:25","guid":{"rendered":"https:\/\/hochuli-coaching.ch\/?page_id=50"},"modified":"2025-12-19T10:05:34","modified_gmt":"2025-12-19T09:05:34","slug":"fuehrungspersonen","status":"publish","type":"page","link":"https:\/\/mw.hochuli-coaching.ch\/?page_id=50","title":{"rendered":"Begleitung F\u00fchrungspersonen"},"content":{"rendered":"\n<div class=\"wp-block-group alignfull is-style-section-4 has-global-padding\" style=\"min-height:100vh;margin-top:0;margin-bottom:0\"><div class=\"wp-block-group__inner-container is-layout-constrained wp-block-group-is-layout-constrained\">\n<div class=\"wp-block-columns alignfull is-layout-flex wp-container-core-columns-is-layout-28f84493 wp-block-columns-is-layout-flex\">\n<div class=\"wp-block-column is-vertically-aligned-center is-layout-flow wp-block-column-is-layout-flow\">\n<div class=\"wp-block-group\" style=\"padding-top:var(--wp--preset--spacing--50);padding-right:var(--wp--preset--spacing--50);padding-bottom:var(--wp--preset--spacing--50);padding-left:var(--wp--preset--spacing--50)\"><div class=\"wp-block-group__inner-container is-layout-flow wp-block-group-is-layout-flow\">\n<h2 class=\"wp-block-heading\">Lewis Hine<\/h2>\n\n\n\n<p>Lewis W. Hine studied sociology before moving to New York in 1901 to work at the Ethical Culture School, where he took up photography to enhance his teaching practices<\/p>\n\n\n\n<div class=\"wp-block-group is-nowrap is-layout-flex wp-container-core-group-is-layout-f1189ed3 wp-block-group-is-layout-flex\">\n<p><a href=\"#\">Instagram<\/a><\/p>\n\n\n\n<p><a href=\"#\">X<\/a><\/p>\n\n\n\n<p><a href=\"#\">TikTok<\/a><\/p>\n<\/div>\n<\/div><\/div>\n<\/div>\n\n\n\n<div class=\"wp-block-column is-layout-flow wp-block-column-is-layout-flow\">\n<div class=\"wp-block-cover\" style=\"min-height:100vh;aspect-ratio:unset;\"><img decoding=\"async\" class=\"wp-block-cover__image-background\" alt=\"Photo of a woman worker.\" src=\"https:\/\/mw.hochuli-coaching.ch\/wp-content\/themes\/oxygen-is-not-a-theme\/assets\/images\/link-in-bio-background.webp\" data-object-fit=\"cover\"\/><span aria-hidden=\"true\" class=\"wp-block-cover__background has-background-dim-0 has-background-dim\" style=\"background-color:#6b6b6b\"><\/span><div class=\"wp-block-cover__inner-container is-layout-flow wp-block-cover-is-layout-flow\">\n<div style=\"height:var(--wp--preset--spacing--20)\" aria-hidden=\"true\" class=\"wp-block-spacer\"><\/div>\n<\/div><\/div>\n<\/div>\n<\/div>\n<\/div><\/div>\n","protected":false},"excerpt":{"rendered":"<p>Lewis Hine Lewis W. Hine studied sociology before moving to New York in 1901 to work at the Ethical Culture School, where he took up photography to enhance his teaching practices Instagram X TikTok<\/p>\n","protected":false},"author":1,"featured_media":201,"parent":0,"menu_order":0,"comment_status":"closed","ping_status":"closed","template":"","meta":{"footnotes":""},"class_list":["post-50","page","type-page","status-publish","has-post-thumbnail","hentry"],"yoast_head":"<!-- This site is optimized with the Yoast SEO plugin v26.9 - https:\/\/yoast.com\/product\/yoast-seo-wordpress\/ -->\n<title>Coaching f\u00fcr F\u00fchrungspersonen Schweiz | Klar &amp; wirksam f\u00fchren<\/title>\n<meta name=\"description\" content=\"Coaching f\u00fcr F\u00fchrungspersonen in der Schweiz. Klarheit, Entscheidungsst\u00e4rke und pers\u00f6nliche Entwicklung.\" \/>\n<meta name=\"robots\" content=\"noindex, follow, max-snippet:-1, max-image-preview:large, max-video-preview:-1\" \/>\n<meta property=\"og:locale\" content=\"de_DE\" \/>\n<meta property=\"og:type\" content=\"article\" \/>\n<meta property=\"og:title\" content=\"Coaching f\u00fcr F\u00fchrungspersonen Schweiz | Klar &amp; wirksam f\u00fchren\" \/>\n<meta property=\"og:description\" content=\"Coaching f\u00fcr F\u00fchrungspersonen in der Schweiz. Klarheit, Entscheidungsst\u00e4rke und pers\u00f6nliche Entwicklung.\" \/>\n<meta property=\"og:url\" content=\"https:\/\/mw.hochuli-coaching.ch\/?page_id=50\" \/>\n<meta property=\"og:site_name\" content=\"Hannes Hochuli Coaching\" \/>\n<meta property=\"article:modified_time\" content=\"2025-12-19T09:05:34+00:00\" \/>\n<meta property=\"og:image\" content=\"https:\/\/mw.hochuli-coaching.ch\/wp-content\/uploads\/2024\/12\/ChangeofLeadership3.jpg\" \/>\n\t<meta property=\"og:image:width\" content=\"1920\" \/>\n\t<meta property=\"og:image:height\" content=\"762\" \/>\n\t<meta property=\"og:image:type\" content=\"image\/jpeg\" \/>\n<meta name=\"twitter:card\" content=\"summary_large_image\" \/>\n<meta name=\"twitter:label1\" content=\"Gesch\u00e4tzte Lesezeit\" \/>\n\t<meta name=\"twitter:data1\" content=\"4\u00a0Minuten\" \/>\n<script type=\"application\/ld+json\" class=\"yoast-schema-graph\">{\"@context\":\"https:\/\/schema.org\",\"@graph\":[{\"@type\":\"WebPage\",\"@id\":\"https:\/\/mw.hochuli-coaching.ch\/?page_id=50\",\"url\":\"https:\/\/mw.hochuli-coaching.ch\/?page_id=50\",\"name\":\"Coaching f\u00fcr F\u00fchrungspersonen Schweiz | Klar & wirksam f\u00fchren\",\"isPartOf\":{\"@id\":\"https:\/\/mw.hochuli-coaching.ch\/#website\"},\"primaryImageOfPage\":{\"@id\":\"https:\/\/mw.hochuli-coaching.ch\/?page_id=50#primaryimage\"},\"image\":{\"@id\":\"https:\/\/mw.hochuli-coaching.ch\/?page_id=50#primaryimage\"},\"thumbnailUrl\":\"https:\/\/mw.hochuli-coaching.ch\/wp-content\/uploads\/2024\/12\/ChangeofLeadership3.jpg\",\"datePublished\":\"2024-11-19T08:56:25+00:00\",\"dateModified\":\"2025-12-19T09:05:34+00:00\",\"description\":\"Coaching f\u00fcr F\u00fchrungspersonen in der Schweiz. Klarheit, Entscheidungsst\u00e4rke und pers\u00f6nliche Entwicklung.\",\"breadcrumb\":{\"@id\":\"https:\/\/mw.hochuli-coaching.ch\/?page_id=50#breadcrumb\"},\"inLanguage\":\"de-CH\",\"potentialAction\":[{\"@type\":\"ReadAction\",\"target\":[\"https:\/\/mw.hochuli-coaching.ch\/?page_id=50\"]}]},{\"@type\":\"ImageObject\",\"inLanguage\":\"de-CH\",\"@id\":\"https:\/\/mw.hochuli-coaching.ch\/?page_id=50#primaryimage\",\"url\":\"https:\/\/mw.hochuli-coaching.ch\/wp-content\/uploads\/2024\/12\/ChangeofLeadership3.jpg\",\"contentUrl\":\"https:\/\/mw.hochuli-coaching.ch\/wp-content\/uploads\/2024\/12\/ChangeofLeadership3.jpg\",\"width\":1920,\"height\":762,\"caption\":\"Begleitung F\u00fchrungspersonen\"},{\"@type\":\"BreadcrumbList\",\"@id\":\"https:\/\/mw.hochuli-coaching.ch\/?page_id=50#breadcrumb\",\"itemListElement\":[{\"@type\":\"ListItem\",\"position\":1,\"name\":\"Startseite\",\"item\":\"https:\/\/mw.hochuli-coaching.ch\/\"},{\"@type\":\"ListItem\",\"position\":2,\"name\":\"Begleitung F\u00fchrungspersonen\"}]},{\"@type\":\"WebSite\",\"@id\":\"https:\/\/mw.hochuli-coaching.ch\/#website\",\"url\":\"https:\/\/mw.hochuli-coaching.ch\/\",\"name\":\"Hannes Hochuli Coaching\",\"description\":\"Coaching &amp; Beratungen\",\"potentialAction\":[{\"@type\":\"SearchAction\",\"target\":{\"@type\":\"EntryPoint\",\"urlTemplate\":\"https:\/\/mw.hochuli-coaching.ch\/?s={search_term_string}\"},\"query-input\":{\"@type\":\"PropertyValueSpecification\",\"valueRequired\":true,\"valueName\":\"search_term_string\"}}],\"inLanguage\":\"de-CH\"}]}<\/script>\n<!-- \/ Yoast SEO plugin. -->","yoast_head_json":{"title":"Coaching f\u00fcr F\u00fchrungspersonen Schweiz | Klar & wirksam f\u00fchren","description":"Coaching f\u00fcr F\u00fchrungspersonen in der Schweiz. Klarheit, Entscheidungsst\u00e4rke und pers\u00f6nliche Entwicklung.","robots":{"index":"noindex","follow":"follow","max-snippet":"max-snippet:-1","max-image-preview":"max-image-preview:large","max-video-preview":"max-video-preview:-1"},"og_locale":"de_DE","og_type":"article","og_title":"Coaching f\u00fcr F\u00fchrungspersonen Schweiz | Klar & wirksam f\u00fchren","og_description":"Coaching f\u00fcr F\u00fchrungspersonen in der Schweiz. Klarheit, Entscheidungsst\u00e4rke und pers\u00f6nliche Entwicklung.","og_url":"https:\/\/mw.hochuli-coaching.ch\/?page_id=50","og_site_name":"Hannes Hochuli Coaching","article_modified_time":"2025-12-19T09:05:34+00:00","og_image":[{"width":1920,"height":762,"url":"https:\/\/mw.hochuli-coaching.ch\/wp-content\/uploads\/2024\/12\/ChangeofLeadership3.jpg","type":"image\/jpeg"}],"twitter_card":"summary_large_image","twitter_misc":{"Gesch\u00e4tzte Lesezeit":"4\u00a0Minuten"},"schema":{"@context":"https:\/\/schema.org","@graph":[{"@type":"WebPage","@id":"https:\/\/mw.hochuli-coaching.ch\/?page_id=50","url":"https:\/\/mw.hochuli-coaching.ch\/?page_id=50","name":"Coaching f\u00fcr F\u00fchrungspersonen Schweiz | Klar & wirksam f\u00fchren","isPartOf":{"@id":"https:\/\/mw.hochuli-coaching.ch\/#website"},"primaryImageOfPage":{"@id":"https:\/\/mw.hochuli-coaching.ch\/?page_id=50#primaryimage"},"image":{"@id":"https:\/\/mw.hochuli-coaching.ch\/?page_id=50#primaryimage"},"thumbnailUrl":"https:\/\/mw.hochuli-coaching.ch\/wp-content\/uploads\/2024\/12\/ChangeofLeadership3.jpg","datePublished":"2024-11-19T08:56:25+00:00","dateModified":"2025-12-19T09:05:34+00:00","description":"Coaching f\u00fcr F\u00fchrungspersonen in der Schweiz. Klarheit, Entscheidungsst\u00e4rke und pers\u00f6nliche Entwicklung.","breadcrumb":{"@id":"https:\/\/mw.hochuli-coaching.ch\/?page_id=50#breadcrumb"},"inLanguage":"de-CH","potentialAction":[{"@type":"ReadAction","target":["https:\/\/mw.hochuli-coaching.ch\/?page_id=50"]}]},{"@type":"ImageObject","inLanguage":"de-CH","@id":"https:\/\/mw.hochuli-coaching.ch\/?page_id=50#primaryimage","url":"https:\/\/mw.hochuli-coaching.ch\/wp-content\/uploads\/2024\/12\/ChangeofLeadership3.jpg","contentUrl":"https:\/\/mw.hochuli-coaching.ch\/wp-content\/uploads\/2024\/12\/ChangeofLeadership3.jpg","width":1920,"height":762,"caption":"Begleitung F\u00fchrungspersonen"},{"@type":"BreadcrumbList","@id":"https:\/\/mw.hochuli-coaching.ch\/?page_id=50#breadcrumb","itemListElement":[{"@type":"ListItem","position":1,"name":"Startseite","item":"https:\/\/mw.hochuli-coaching.ch\/"},{"@type":"ListItem","position":2,"name":"Begleitung F\u00fchrungspersonen"}]},{"@type":"WebSite","@id":"https:\/\/mw.hochuli-coaching.ch\/#website","url":"https:\/\/mw.hochuli-coaching.ch\/","name":"Hannes Hochuli Coaching","description":"Coaching &amp; Beratungen","potentialAction":[{"@type":"SearchAction","target":{"@type":"EntryPoint","urlTemplate":"https:\/\/mw.hochuli-coaching.ch\/?s={search_term_string}"},"query-input":{"@type":"PropertyValueSpecification","valueRequired":true,"valueName":"search_term_string"}}],"inLanguage":"de-CH"}]}},"_links":{"self":[{"href":"https:\/\/mw.hochuli-coaching.ch\/index.php?rest_route=\/wp\/v2\/pages\/50","targetHints":{"allow":["GET"]}}],"collection":[{"href":"https:\/\/mw.hochuli-coaching.ch\/index.php?rest_route=\/wp\/v2\/pages"}],"about":[{"href":"https:\/\/mw.hochuli-coaching.ch\/index.php?rest_route=\/wp\/v2\/types\/page"}],"author":[{"embeddable":true,"href":"https:\/\/mw.hochuli-coaching.ch\/index.php?rest_route=\/wp\/v2\/users\/1"}],"replies":[{"embeddable":true,"href":"https:\/\/mw.hochuli-coaching.ch\/index.php?rest_route=%2Fwp%2Fv2%2Fcomments&post=50"}],"version-history":[{"count":3,"href":"https:\/\/mw.hochuli-coaching.ch\/index.php?rest_route=\/wp\/v2\/pages\/50\/revisions"}],"predecessor-version":[{"id":598,"href":"https:\/\/mw.hochuli-coaching.ch\/index.php?rest_route=\/wp\/v2\/pages\/50\/revisions\/598"}],"wp:featuredmedia":[{"embeddable":true,"href":"https:\/\/mw.hochuli-coaching.ch\/index.php?rest_route=\/wp\/v2\/media\/201"}],"wp:attachment":[{"href":"https:\/\/mw.hochuli-coaching.ch\/index.php?rest_route=%2Fwp%2Fv2%2Fmedia&parent=50"}],"curies":[{"name":"wp","href":"https:\/\/api.w.org\/{rel}","templated":true}]}}